{"id":11,"date":"2024-03-08T13:10:55","date_gmt":"2024-03-08T13:10:55","guid":{"rendered":"http:\/\/31.217.192.242\/~sensaraf\/?page_id=11"},"modified":"2024-05-23T14:49:16","modified_gmt":"2024-05-23T14:49:16","slug":"palvelut","status":"publish","type":"page","link":"http:\/\/31.217.192.242\/~sensaraf\/?page_id=11","title":{"rendered":"Palvelut"},"content":{"rendered":"\n<div class=\"wp-block-group alignfull has-global-padding is-layout-constrained wp-container-core-group-layout-3 wp-block-group-is-layout-constrained\">\n<div class=\"wp-block-group has-global-padding is-layout-constrained wp-block-group-is-layout-constrained\" style=\"margin-top:0;padding-top:0;padding-bottom:0\">\n<div class=\"wp-block-media-text has-media-on-the-right is-stacked-on-mobile is-image-fill\"><div class=\"wp-block-media-text__content\">\n<h1 class=\"wp-block-heading\">Palvelut<\/h1>\n\n\n\n<p>Swingin parissa harjoittelua tai kenties elokuviin illaksi? Sensara Benalm\u00e1denassa voit kehitt\u00e4\u00e4 kehon ja mielen toimintaa erilaisissa ohjelmissamme! Voit el\u00e4\u00e4 kuin haluat. Sensara on ainutlaatuinen paikka josta voit nauttia ymp\u00e4ri vuoden, lomallasi tai vaikka pysyv\u00e4n\u00e4 espanjan kotina.<\/p>\n\n\n\n<p>Sinulla on p\u00e4\u00e4sy monipuolisiin palveluihin ja toimintaan kattaviin tiloihin.<br>Sensarassa voit nauttia tenniksest\u00e4, biljardista, elokuvateatterista, ravintolasta, kokoustiloista, konserteista, kirjastoista, katetusta tai ulkouima-altaista, baarista, internetista tai kuntosalista. Voit valita, mit\u00e4 haluat tehd\u00e4. Istuta oma kasvimaa tai voit keskustella samalla pelatessasi shakkia seurusteluhuoneessa. Voit aina olla varma, ett\u00e4 kaikki on ulottuvillasi.<\/p>\n<\/div><figure class=\"wp-block-media-text__media\" style=\"background-image:url(http:\/\/31.217.192.242\/~sensaraf\/wp-content\/uploads\/2024\/03\/34.jpg);background-position:50% 50%\"><img loading=\"lazy\" decoding=\"async\" width=\"936\" height=\"624\" src=\"http:\/\/31.217.192.242\/~sensaraf\/wp-content\/uploads\/2024\/03\/34.jpg\" alt=\"\" class=\"wp-image-132 size-full\" srcset=\"http:\/\/31.217.192.242\/~sensaraf\/wp-content\/uploads\/2024\/03\/34.jpg 936w, http:\/\/31.217.192.242\/~sensaraf\/wp-content\/uploads\/2024\/03\/34-300x200.jpg 300w, http:\/\/31.217.192.242\/~sensaraf\/wp-content\/uploads\/2024\/03\/34-768x512.jpg 768w\" sizes=\"(max-width: 936px) 100vw, 936px\" \/><\/figure><\/div>\n<\/div>\n\n\n\n<div class=\"wp-block-uagb-container uagb-block-53203c14 alignfull uagb-is-root-container\">\n<div class=\"wp-block-group has-global-padding is-content-justification-center is-layout-constrained wp-container-core-group-layout-2 wp-block-group-is-layout-constrained\" style=\"margin-top:0;margin-bottom:0\">\n<h2 class=\"wp-block-heading has-text-align-center\">Aktiviteetteja<\/h2>\n\n\n\n<p class=\"has-text-align-center\">Sensara tarjoaa ja j\u00e4rjest\u00e4\u00e4 asukkailleen lukuisia kursseja ja ty\u00f6pajoja.<br>Aktiviteettivastaava j\u00e4rjest\u00e4\u00e4 ja suunnittelee asukkaiden tekemien ehdotusten pohjalta esimerkiksi tietotekniikka, k\u00e4sity\u00f6, maalaus ym kursseja. Tarjolla my\u00f6s musiikkia, lautapelej\u00e4, dartsia, biljardia, tansseja sek\u00e4 muuta mukavaa ajanvietett\u00e4.<\/p>\n\n\n\n<div style=\"height:16px\" aria-hidden=\"true\" class=\"wp-block-spacer\"><\/div>\n<\/div>\n\n\n\n<div class=\"wp-block-columns are-vertically-aligned-top is-layout-flex wp-container-core-columns-layout-1 wp-block-columns-is-layout-flex\">\n<div class=\"wp-block-column is-layout-flow wp-block-column-is-layout-flow\">\n<h3 class=\"wp-block-heading\">Kuljetukset:<\/h3>\n\n\n\n<ul>\n<li>Sensaran edullinen minibussipalvelu varattavissa vastaanotosta<\/li>\n\n\n\n<li>Retki\u00e4 rannikon kohteisiin sek\u00e4 markkinoille, ostoskeskuksiin, konsertteihin ja tapahtumiin<\/li>\n<\/ul>\n\n\n\n<p>Kysy lis\u00e4\u00e4 vastaanotosta.<\/p>\n<\/div>\n\n\n\n<div class=\"wp-block-column is-layout-flow wp-block-column-is-layout-flow\">\n<h3 class=\"wp-block-heading\">Vastaanottopalvelut:<\/h3>\n\n\n\n<ul>\n<li>Iloinen, monikielinen sek\u00e4 ammattitaitoinen vastaanottohenkil\u00f6kunta auttaa ja palvelee asukkaita kaikissa ongelmissa<\/li>\n<\/ul>\n<\/div>\n\n\n\n<div class=\"wp-block-column is-layout-flow wp-block-column-is-layout-flow\">\n<h3 class=\"wp-block-heading\">Taloyhti\u00f6<\/h3>\n\n\n\n<ul>\n<li>Ammattitaitoinen ja kokenut johtoryhm\u00e4 vastaa taloyhti\u00f6n hoidosta ja hallinnosta<\/li>\n\n\n\n<li>Puutarhanhoito ja -huoltoryhm\u00e4 vastaa Sensaran alueen monimuotoisesta puutarhasta ja kasvillisuudesta<\/li>\n\n\n\n<li>Tekninen palveluhenkil\u00f6st\u00f6 varmistaa laitteiden ja valaistuksen ym t\u00e4ydellisen toiminnan<\/li>\n\n\n\n<li>Siivous- ja puhdistusryhm\u00e4 vastaa yleisten tilojen ja rappuk\u00e4yt\u00e4vien p\u00e4ivitt\u00e4isesta kunnossapidosta<\/li>\n<\/ul>\n<\/div>\n\n\n\n<div class=\"wp-block-column is-layout-flow wp-block-column-is-layout-flow\">\n<h3 class=\"wp-block-heading\">Turvallisuus<\/h3>\n\n\n\n<ul>\n<li>Sensaran alueelle p\u00e4\u00e4see vain kulkuporttien kautta jossa ovipuhelimet ja valvontakamera<\/li>\n\n\n\n<li>Suljettu 24 h tallentava valvontakameraj\u00e4rjestelm\u00e4<\/li>\n\n\n\n<li>Paloh\u00e4lytysj\u00e4rjestelm\u00e4 jokaisessa huoneistossa<\/li>\n\n\n\n<li>Sis\u00e4puhelinj\u00e4rjestelm\u00e4 valvontakameralla sek\u00e4 asuntokohtainen h\u00e4lytysj\u00e4rjestelm\u00e4 joka on kytkett\u00e4viss\u00e4 vartiointiliikkeeseen<\/li>\n\n\n\n<li>Paniikkinapit huoneistoissa<\/li>\n\n\n\n<li>Turvah\u00e4lytyspainikkeet kylpyhuoneissa<\/li>\n\n\n\n<li>Asunnoissa laadukkaat murtosuojaovet<\/li>\n<\/ul>\n<\/div>\n<\/div>\n<\/div>\n\n\n\n<div class=\"wp-block-uagb-container uagb-block-3d460c11 default uagb-is-root-container\">\n<div style=\"height:24px\" aria-hidden=\"true\" class=\"wp-block-spacer\"><\/div>\n\n\n\n<div class=\"wp-block-columns is-layout-flex wp-container-core-columns-layout-2 wp-block-columns-is-layout-flex\">\n<div class=\"wp-block-column is-layout-flow wp-block-column-is-layout-flow\">\n<h2 class=\"wp-block-heading is-style-default\">Palvelut:<\/h2>\n\n\n\n<ul>\n<li>Ulkoinen uima-allas<\/li>\n\n\n\n<li>Tenniskentt\u00e4<\/li>\n\n\n\n<li>Keilausalue<\/li>\n\n\n\n<li>Ammatillisia ty\u00f6pajoja<\/li>\n\n\n\n<li>Auditorio<\/li>\n<\/ul>\n<\/div>\n\n\n\n<div class=\"wp-block-column is-layout-flow wp-block-column-is-layout-flow\">\n<h2 class=\"wp-block-heading is-style-default\">SPA:<\/h2>\n\n\n\n<ul>\n<li>Vastaanotto<\/li>\n\n\n\n<li>Kuntosaliv\u00e4lineet aerobiseen- ja anaerobiseen harjoitteluun<\/li>\n\n\n\n<li>Hieronta- ja fysioterapiahuone<\/li>\n\n\n\n<li>Sauna<\/li>\n\n\n\n<li>Vesihieronta<\/li>\n\n\n\n<li>Turkkilainen sauna<\/li>\n\n\n\n<li>Sis\u00e4uima-allas<\/li>\n\n\n\n<li>Pukuhuoneet<\/li>\n<\/ul>\n<\/div>\n\n\n\n<div class=\"wp-block-column is-layout-flow wp-block-column-is-layout-flow\">\n<h2 class=\"wp-block-heading is-style-default\">Klubihuone:<\/h2>\n\n\n\n<ul>\n<li>Terassi merin\u00e4k\u00f6alalla<\/li>\n\n\n\n<li>Ravintola<\/li>\n\n\n\n<li>Baari<\/li>\n\n\n\n<li>Biljardi- ja pelihuoneet<\/li>\n\n\n\n<li>Elokuvateatteri<\/li>\n\n\n\n<li>Tapaamishuone<\/li>\n\n\n\n<li>Kirjasto<\/li>\n\n\n\n<li>Liikekeskus<\/li>\n<\/ul>\n<\/div>\n\n\n\n<div class=\"wp-block-column is-layout-flow wp-block-column-is-layout-flow\">\n<h2 class=\"wp-block-heading is-style-default\">Puutarhat:<\/h2>\n\n\n\n<ul>\n<li>11 000 neli\u00f6t\u00e4 puutarha-aluetta, joka sis\u00e4lt\u00e4\u00e4 kasteluj\u00e4rjestelm\u00e4t, vesiputoukset,<\/li>\n\n\n\n<li>Puutarha-alue soveltuu my\u00f6s hyvin istutuksille ja viljelylle.<\/li>\n<\/ul>\n<\/div>\n<\/div>\n\n\n\n<div style=\"height:24px\" aria-hidden=\"true\" class=\"wp-block-spacer\"><\/div>\n<\/div>\n<\/div>\n","protected":false},"excerpt":{"rendered":"<p>Palvelut Swingin parissa harjoittelua tai kenties elokuviin illaksi? Sensara Benalm\u00e1denassa voit kehitt\u00e4\u00e4 kehon ja mielen toimintaa erilaisissa ohjelmissamme! Voit el\u00e4\u00e4 kuin haluat. Sensara on ainutlaatuinen paikka josta voit nauttia ymp\u00e4ri vuoden, lomallasi tai vaikka pysyv\u00e4n\u00e4 espanjan kotina. Sinulla on p\u00e4\u00e4sy monipuolisiin palveluihin ja toimintaan kattaviin tiloihin.Sensarassa voit nauttia tenniksest\u00e4, biljardista, elokuvateatterista, ravintolasta, kokoustiloista, konserteista, kirjastoista, [&hellip;]<\/p>\n","protected":false},"author":1,"featured_media":0,"parent":0,"menu_order":0,"comment_status":"closed","ping_status":"closed","template":"page-no-title","meta":{"_uag_custom_page_level_css":"","footnotes":""},"uagb_featured_image_src":{"full":false,"thumbnail":false,"medium":false,"medium_large":false,"large":false,"1536x1536":false,"2048x2048":false},"uagb_author_info":{"display_name":"juuso","author_link":"http:\/\/31.217.192.242\/~sensaraf\/?author=1"},"uagb_comment_info":0,"uagb_excerpt":"Palvelut Swingin parissa harjoittelua tai kenties elokuviin illaksi? Sensara Benalm\u00e1denassa voit kehitt\u00e4\u00e4 kehon ja mielen toimintaa erilaisissa ohjelmissamme! Voit el\u00e4\u00e4 kuin haluat. Sensara on ainutlaatuinen paikka josta voit nauttia ymp\u00e4ri vuoden, lomallasi tai vaikka pysyv\u00e4n\u00e4 espanjan kotina. Sinulla on p\u00e4\u00e4sy monipuolisiin palveluihin ja toimintaan kattaviin tiloihin.Sensarassa voit nauttia tenniksest\u00e4, biljardista, elokuvateatterista, ravintolasta, kokoustiloista, konserteista, kirjastoista,&hellip;","_links":{"self":[{"href":"http:\/\/31.217.192.242\/~sensaraf\/index.php?rest_route=\/wp\/v2\/pages\/11"}],"collection":[{"href":"http:\/\/31.217.192.242\/~sensaraf\/index.php?rest_route=\/wp\/v2\/pages"}],"about":[{"href":"http:\/\/31.217.192.242\/~sensaraf\/index.php?rest_route=\/wp\/v2\/types\/page"}],"author":[{"embeddable":true,"href":"http:\/\/31.217.192.242\/~sensaraf\/index.php?rest_route=\/wp\/v2\/users\/1"}],"replies":[{"embeddable":true,"href":"http:\/\/31.217.192.242\/~sensaraf\/index.php?rest_route=%2Fwp%2Fv2%2Fcomments&post=11"}],"version-history":[{"count":183,"href":"http:\/\/31.217.192.242\/~sensaraf\/index.php?rest_route=\/wp\/v2\/pages\/11\/revisions"}],"predecessor-version":[{"id":692,"href":"http:\/\/31.217.192.242\/~sensaraf\/index.php?rest_route=\/wp\/v2\/pages\/11\/revisions\/692"}],"wp:attachment":[{"href":"http:\/\/31.217.192.242\/~sensaraf\/index.php?rest_route=%2Fwp%2Fv2%2Fmedia&parent=11"}],"curies":[{"name":"wp","href":"https:\/\/api.w.org\/{rel}","templated":true}]}}