{"id":12,"date":"2024-03-08T13:11:22","date_gmt":"2024-03-08T13:11:22","guid":{"rendered":"http:\/\/31.217.192.242\/~sensaraf\/?page_id=12"},"modified":"2024-03-14T13:40:18","modified_gmt":"2024-03-14T13:40:18","slug":"sijainti","status":"publish","type":"page","link":"http:\/\/31.217.192.242\/~sensaraf\/?page_id=12","title":{"rendered":"Sijainti"},"content":{"rendered":"\n<div class=\"wp-block-group alignwide has-global-padding is-content-justification-center is-layout-constrained wp-container-core-group-layout-3 wp-block-group-is-layout-constrained\" style=\"padding-right:0;padding-left:0\">\n<div style=\"height:24px\" aria-hidden=\"true\" class=\"wp-block-spacer\"><\/div>\n\n\n\n<h1 class=\"wp-block-heading\">Sijainti<\/h1>\n\n\n\n<p>Carretera de Arroyo de la Miel a Benalmadena Pueblo.<br>29639 Benalm\u00e1dena, M\u00e1laga (Espanja)<\/p>\n\n\n\n<div style=\"height:8px\" aria-hidden=\"true\" class=\"wp-block-spacer\"><\/div>\n\n\n\n<div class=\"wp-block-group alignwide is-layout-flow wp-block-group-is-layout-flow\">\n<div class=\"responsive-map\"<\/div> <iframe src=\"https:\/\/www.google.com\/maps\/embed?pb=!1m18!1m12!1m3!1d25623.620135641893!2d-4.55311166079869!3d36.60345262939345!2m3!1f0!2f0!3f0!3m2!1i1024!2i768!4f13.1!3m3!1m2!1s0xd72fc9b43efe7e7%3A0x8d5a7ecdc63b3188!2s29631%20Arroyo%20de%20la%20Miel%2C%20M%C3%A1laga%2C%20Spain!5e0!3m2!1sen!2sfi!4v1710419847617!5m2!1sen!2sfi\" width=\"1240\" height=\"450\" style=\"border:0;\" allowfullscreen=\"\" loading=\"lazy\" referrerpolicy=\"no-referrer-when-downgrade\"><\/iframe>\n<\/div>\n\n\n\n<div style=\"height:24px\" aria-hidden=\"true\" class=\"wp-block-spacer\"><\/div>\n\n\n\n<div class=\"wp-block-group has-global-padding is-content-justification-left is-layout-constrained wp-container-core-group-layout-2 wp-block-group-is-layout-constrained\">\n<h2 class=\"wp-block-heading\">Tietoa Benalmadenasta<\/h2>\n\n\n\n<p>Benalmadena on yksi t\u00e4rkeimmist\u00e4 alueista Costa del Solilla ja Benalmadena on jakautunut kolmeen p\u00e4\u00e4alueeseen.<\/p>\n\n\n\n<p>Benalmadena Pueblo ja sen Vanhankaupunki on s\u00e4ilytt\u00e4nyt hyvin sen alkuper\u00e4isen vieh\u00e4tysvoimansa. Benalmadena Pueblo on l\u00e4hes t\u00e4ysin valkoinen Andalusialainen kyl\u00e4, jossa on kapeita mukulakivikatuja ja kalkittuja taloja upeine kukka-istutuksineen. Benalmadena Pueblo on my\u00f6s luonnon muovaama \u201dparveke\u201d, josta on upeat n\u00e4kym\u00e4t V\u00e4limerelle. Selkein\u00e4 p\u00e4ivin\u00e4 voit Pueblosta n\u00e4hd\u00e4 helposti Afrikan pohjoisosassa sijaitsevan Atlas vuoriston.<\/p>\n\n\n\n<p>Benalmadena Costa on hyvin tunnettua turistialuetta jossa on yhdeks\u00e4n kilometri\u00e4 hiekkarantoja ja useita rauhallisia lahdenpoukamia. Yksi Benalmadena Costan t\u00e4rkeimmist\u00e4 n\u00e4ht\u00e4vyyksist\u00e4 on upea, 2-kertaa maailman hienoimpana huvivenesatamana palkittu<br>Puerto Marina Benalmadena \u2013 huvivenesatama. Huvivenesatamasta l\u00f6ytyy paljon n\u00e4ht\u00e4v\u00e4\u00e4 ja koettavaa jokaiselle perheenj\u00e4senelle ja sielt\u00e4 l\u00f6ytyy lukuisia baareja ja kahviloita. Benalmadenan rannikko tarjoaa monia erilaisia vapaa-ajan aktiviteetteja sek\u00e4 vesiurheilumahdollisuuksia.<\/p>\n\n\n\n<p>Arroyo de la Miel, on Benalmadenan urbaani keskus, jossa on kauppoja, ravintoloita sek\u00e4 tapahtumia, jotka houkuttelevat ihmisi\u00e4 eri puolilta maailmaa. T\u00e4\u00e4lt\u00e4 l\u00f6ytyy my\u00f6s kuuluisa Tivolin huvipuisto, Parque de la Paloma, Selwo Marina ja monet vapaa-ajan ja viihteen vaihtoehdot.<\/p>\n\n\n\n<p>Benalmadenaan on erinomaiset liikenneyhteydet ja Malagan lentokent\u00e4lt\u00e4 on matkaa vain 10 km.<\/p>\n<\/div>\n<\/div>\n","protected":false},"excerpt":{"rendered":"<p>Sijainti Carretera de Arroyo de la Miel a Benalmadena Pueblo.29639 Benalm\u00e1dena, M\u00e1laga (Espanja)<\/p>\n","protected":false},"author":1,"featured_media":0,"parent":0,"menu_order":0,"comment_status":"closed","ping_status":"closed","template":"page-no-title","meta":{"_uag_custom_page_level_css":"","footnotes":""},"uagb_featured_image_src":{"full":false,"thumbnail":false,"medium":false,"medium_large":false,"large":false,"1536x1536":false,"2048x2048":false},"uagb_author_info":{"display_name":"juuso","author_link":"http:\/\/31.217.192.242\/~sensaraf\/?author=1"},"uagb_comment_info":0,"uagb_excerpt":"Sijainti Carretera de Arroyo de la Miel a Benalmadena Pueblo.29639 Benalm\u00e1dena, M\u00e1laga (Espanja)","_links":{"self":[{"href":"http:\/\/31.217.192.242\/~sensaraf\/index.php?rest_route=\/wp\/v2\/pages\/12"}],"collection":[{"href":"http:\/\/31.217.192.242\/~sensaraf\/index.php?rest_route=\/wp\/v2\/pages"}],"about":[{"href":"http:\/\/31.217.192.242\/~sensaraf\/index.php?rest_route=\/wp\/v2\/types\/page"}],"author":[{"embeddable":true,"href":"http:\/\/31.217.192.242\/~sensaraf\/index.php?rest_route=\/wp\/v2\/users\/1"}],"replies":[{"embeddable":true,"href":"http:\/\/31.217.192.242\/~sensaraf\/index.php?rest_route=%2Fwp%2Fv2%2Fcomments&post=12"}],"version-history":[{"count":20,"href":"http:\/\/31.217.192.242\/~sensaraf\/index.php?rest_route=\/wp\/v2\/pages\/12\/revisions"}],"predecessor-version":[{"id":260,"href":"http:\/\/31.217.192.242\/~sensaraf\/index.php?rest_route=\/wp\/v2\/pages\/12\/revisions\/260"}],"wp:attachment":[{"href":"http:\/\/31.217.192.242\/~sensaraf\/index.php?rest_route=%2Fwp%2Fv2%2Fmedia&parent=12"}],"curies":[{"name":"wp","href":"https:\/\/api.w.org\/{rel}","templated":true}]}}