{"id":21,"date":"2024-03-08T13:12:26","date_gmt":"2024-03-08T13:12:26","guid":{"rendered":"http:\/\/31.217.192.242\/~sensaraf\/?page_id=21"},"modified":"2024-03-18T11:26:10","modified_gmt":"2024-03-18T11:26:10","slug":"vuokraus","status":"publish","type":"page","link":"http:\/\/31.217.192.242\/~sensaraf\/?page_id=21","title":{"rendered":"Vuokraus"},"content":{"rendered":"\n<h1 class=\"wp-block-heading\">Vuokraus<\/h1>\n\n\n\n<div class=\"wp-block-cover\" style=\"border-radius:15px;min-height:480px\"><span aria-hidden=\"true\" class=\"wp-block-cover__background has-background-dim-0 has-background-dim\"><\/span><img loading=\"lazy\" decoding=\"async\" width=\"936\" height=\"624\" class=\"wp-block-cover__image-background wp-image-76\" alt=\"\" src=\"http:\/\/31.217.192.242\/~sensaraf\/wp-content\/uploads\/2024\/03\/4.jpg\" data-object-fit=\"cover\" srcset=\"http:\/\/31.217.192.242\/~sensaraf\/wp-content\/uploads\/2024\/03\/4.jpg 936w, http:\/\/31.217.192.242\/~sensaraf\/wp-content\/uploads\/2024\/03\/4-300x200.jpg 300w, http:\/\/31.217.192.242\/~sensaraf\/wp-content\/uploads\/2024\/03\/4-768x512.jpg 768w\" sizes=\"(max-width: 936px) 100vw, 936px\" \/><div class=\"wp-block-cover__inner-container is-layout-flow wp-block-cover-is-layout-flow\">\n<p class=\"has-text-align-center has-large-font-size\"><\/p>\n<\/div><\/div>\n\n\n\n<div aria-hidden=\"true\" class=\"wp-block-spacer\"><\/div>\n\n\n\n<div class=\"wp-block-group is-layout-flow wp-block-group-is-layout-flow\">\n<div class=\"wp-block-group is-layout-flow wp-block-group-is-layout-flow\">\n<p class=\"has-large-font-size\"><strong>Nyt my\u00f6s vuokra-asuntoja tarjolla Sensarasta!<\/strong><\/p>\n\n\n\n<p><strong>West Wind Rentals &amp; Properties<\/strong> tarjoaa asiakkailleen nyt mahdollisuuden vuokrata my\u00f6s Sensaran upeita asuntoja.<\/p>\n\n\n\n<p>T\u00e4ysin kalustetun ja varustellun tasokkaan merin\u00e4k\u00f6ala-asunnon voit vuokrata vaikka vain yhdeksi viikoksi tai useammaksi kuukaudeksi omiin tarpeisiisi sopivaksi ajaksi.<\/p>\n\n\n\n<p>L\u00e4mpimiss\u00e4, tilavissa ja valoisissa vuokra-asunnoissamme on riitt\u00e4v\u00e4 varustelutaso vaikka vaikka koko talven asumiseen ja Sensaran palvelukonsepti takaa rauhallisuuden, viihtyvyyden ja turvallisuuden lis\u00e4ksi my\u00f6s mahdollisuuden aktiiviseen lomailuun ja hyvinvointiin.<\/p>\n\n\n\n<p>T\u00e4m\u00e4 menettelymuoto on eritt\u00e4in hy\u00f6dyllinen jos haluatte rauhassa varmistaa ostettavan kodin ja alueen sopivan omiin tarpeisiinne.<\/p>\n\n\n\n<p>Vuokrahinnat 2 makuuhuoneen ja 2 kylpyhuoneen huoneisto max 4 henk. ovat vuokra-ajankohdasta ja vuokrauksen pituudesta riippuen<br>alkaen 560 EUR\/vko tai 1190 EUR \/ kk<\/p>\n\n\n\n<p class=\"has-large-font-size\" style=\"font-style:normal;font-weight:500\">Katso t\u00e4st\u00e4 esimerkkiasuntojamme:<\/p>\n\n\n\n<ul>\n<li>Esimerkikki asunto<\/li>\n\n\n\n<li>Esimerkikki asunto<\/li>\n\n\n\n<li>Esimerkikki asunto<\/li>\n<\/ul>\n\n\n\n<p>Kysy lis\u00e4tietoja ja varaa oma viihtyis\u00e4 ja rauhallinen loma-asuntosi kauttamme!<\/p>\n<\/div>\n\n\n\n<div class=\"wp-block-buttons is-layout-flex wp-block-buttons-is-layout-flex\">\n<div class=\"wp-block-button has-custom-font-size has-medium-font-size\"><a class=\"wp-block-button__link wp-element-button\" href=\"http:\/\/31.217.192.242\/~sensaraf\/?page_id=10\">Katso my\u00f6s myyt\u00e4vi\u00e4 asuntojamme t\u00e4st\u00e4.<\/a><\/div>\n<\/div>\n<\/div>\n","protected":false},"excerpt":{"rendered":"<p>Vuokraus Nyt my\u00f6s vuokra-asuntoja tarjolla Sensarasta! West Wind Rentals &amp; Properties tarjoaa asiakkailleen nyt mahdollisuuden vuokrata my\u00f6s Sensaran upeita asuntoja. T\u00e4ysin kalustetun ja varustellun tasokkaan merin\u00e4k\u00f6ala-asunnon voit vuokrata vaikka vain yhdeksi viikoksi tai useammaksi kuukaudeksi omiin tarpeisiisi sopivaksi ajaksi. L\u00e4mpimiss\u00e4, tilavissa ja valoisissa vuokra-asunnoissamme on riitt\u00e4v\u00e4 varustelutaso vaikka vaikka koko talven asumiseen ja Sensaran palvelukonsepti [&hellip;]<\/p>\n","protected":false},"author":1,"featured_media":0,"parent":0,"menu_order":0,"comment_status":"closed","ping_status":"closed","template":"page-with-sidebar","meta":{"_uag_custom_page_level_css":"","footnotes":""},"uagb_featured_image_src":{"full":false,"thumbnail":false,"medium":false,"medium_large":false,"large":false,"1536x1536":false,"2048x2048":false},"uagb_author_info":{"display_name":"juuso","author_link":"http:\/\/31.217.192.242\/~sensaraf\/?author=1"},"uagb_comment_info":0,"uagb_excerpt":"Vuokraus Nyt my\u00f6s vuokra-asuntoja tarjolla Sensarasta! West Wind Rentals &amp; Properties tarjoaa asiakkailleen nyt mahdollisuuden vuokrata my\u00f6s Sensaran upeita asuntoja. T\u00e4ysin kalustetun ja varustellun tasokkaan merin\u00e4k\u00f6ala-asunnon voit vuokrata vaikka vain yhdeksi viikoksi tai useammaksi kuukaudeksi omiin tarpeisiisi sopivaksi ajaksi. L\u00e4mpimiss\u00e4, tilavissa ja valoisissa vuokra-asunnoissamme on riitt\u00e4v\u00e4 varustelutaso vaikka vaikka koko talven asumiseen ja Sensaran palvelukonsepti&hellip;","_links":{"self":[{"href":"http:\/\/31.217.192.242\/~sensaraf\/index.php?rest_route=\/wp\/v2\/pages\/21"}],"collection":[{"href":"http:\/\/31.217.192.242\/~sensaraf\/index.php?rest_route=\/wp\/v2\/pages"}],"about":[{"href":"http:\/\/31.217.192.242\/~sensaraf\/index.php?rest_route=\/wp\/v2\/types\/page"}],"author":[{"embeddable":true,"href":"http:\/\/31.217.192.242\/~sensaraf\/index.php?rest_route=\/wp\/v2\/users\/1"}],"replies":[{"embeddable":true,"href":"http:\/\/31.217.192.242\/~sensaraf\/index.php?rest_route=%2Fwp%2Fv2%2Fcomments&post=21"}],"version-history":[{"count":11,"href":"http:\/\/31.217.192.242\/~sensaraf\/index.php?rest_route=\/wp\/v2\/pages\/21\/revisions"}],"predecessor-version":[{"id":515,"href":"http:\/\/31.217.192.242\/~sensaraf\/index.php?rest_route=\/wp\/v2\/pages\/21\/revisions\/515"}],"wp:attachment":[{"href":"http:\/\/31.217.192.242\/~sensaraf\/index.php?rest_route=%2Fwp%2Fv2%2Fmedia&parent=21"}],"curies":[{"name":"wp","href":"https:\/\/api.w.org\/{rel}","templated":true}]}}